
{"id":7,"date":"2024-01-24T14:09:28","date_gmt":"2024-01-24T13:09:28","guid":{"rendered":"https:\/\/przedszkole119.edu.wroclaw.pl\/?page_id=7"},"modified":"2026-01-16T12:59:29","modified_gmt":"2026-01-16T11:59:29","slug":"deklaracjadostepnosci","status":"publish","type":"page","link":"https:\/\/przedszkole119.edu.wroclaw.pl\/index.php\/deklaracjadostepnosci\/","title":{"rendered":"Deklaracja dost\u0119pno\u015bci"},"content":{"rendered":"<div class=\"wpb-content-wrapper\"><p>[vc_row][vc_column width=&#8221;2\/3&#8243;][vc_empty_space height=&#8221;20px&#8221;][vc_column_text]<\/p>\n<h2 id=\"a11y-deklaracja\" style=\"text-align: center;\"><span style=\"font-size: 36px;\"><strong>Deklaracja dost\u0119pno\u015bci Przedszkole nr 119<\/strong><\/span><\/h2>\n<p>[\/vc_column_text][\/vc_column][vc_column width=&#8221;1\/3&#8243;][vc_icon icon_fontawesome=&#8221;far fa-file-alt&#8221; color=&#8221;mulled_wine&#8221; background_style=&#8221;rounded-outline&#8221; background_color=&#8221;custom&#8221; size=&#8221;xl&#8221; align=&#8221;center&#8221; link=&#8221;url:%2Fwp-content%2Fuploads%2Fsites%2F80%2F2024%2F01%2FRAPORT-DOSTEPNOSC-P11984dd.pdf|title:Raport%20dost%C4%99pno%C5%9Bci|target:_blank&#8221; custom_background_color=&#8221;#5c7d26&#8243;][vc_column_text css=&#8221;.vc_custom_1706177072562{margin-top: -40px !important;}&#8221;]<\/p>\n<h3 style=\"text-align: center;\"><span style=\"font-size: 20px;\">Raport dost\u0119pno\u015bci<\/span><\/h3>\n<p>[\/vc_column_text][\/vc_column][\/vc_row][vc_row][vc_column][vc_column_text css=&#8221;&#8221;]<\/p>\n<p id=\"a11y-wstep\"><span style=\"font-size: 14pt;\"><span id=\"a11y-podmiot\">Przedszkole nr 119 we Wroc\u0142awiu<\/span> zobowi\u0105zuje si\u0119 zapewni\u0107 dost\u0119pno\u015b\u0107 swojej strony internetowej zgodnie z przepisami ustawy z dnia 4\u00a0kwietnia 2019\u00a0r. o\u00a0dost\u0119pno\u015bci cyfrowej stron internetowych i\u00a0aplikacji mobilnych podmiot\u00f3w publicznych. O\u015bwiadczenie w sprawie dost\u0119pno\u015bci ma zastosowanie do strony internetowej <a id=\"a11y-url\" href=\"http:\/\/przedszkole119.edu.wroclaw.pl\">Przedszkole nr 119<\/a>.<\/span><\/p>\n<ul>\n<li><span style=\"font-size: 14pt;\"><span style=\"font-size: 14pt;\">Data publikacji strony internetowej: <time id=\"a11y-data-publikacja\" datetime=\"2011-12-16\">2011-12-16<\/time><\/span><\/span><\/li>\n<li><span style=\"font-size: 14pt;\"><span style=\"font-size: 14pt;\">Data ostatniej istotnej aktualizacji: <time id=\"a11y-data-aktualizacja\" datetime=\"2024-02-01\">2024-02-01<\/time><\/span><\/span><\/li>\n<\/ul>\n<h2><strong><span style=\"font-size: 24pt;\">Status pod wzgl\u0119dem zgodno\u015bci z ustaw\u0105<\/span><\/strong><\/h2>\n<p><span style=\"font-size: 14pt;\">Strona internetowa jest <strong id=\"a11y-status\">cz\u0119\u015bciowo zgodna<\/strong> z\u00a0ustaw\u0105 o\u00a0dost\u0119pno\u015bci cyfrowej stron internetowych i\u00a0aplikacji mobilnych podmiot\u00f3w publicznych z powodu niezgodno\u015bci lub wy\u0142\u0105cze\u0144 wymienionych poni\u017cej.<\/span><\/p>\n<h3><strong><span style=\"font-size: 18pt;\">Tre\u015bci niedost\u0119pne<\/span><\/strong><\/h3>\n<ul>\n<li>Niekt\u00f3re zdj\u0119cia i grafiki nie posiadaj\u0105 opis\u00f3w alternatywnych.<\/li>\n<li>Niekt\u00f3re filmy nie posiadaj\u0105 napis\u00f3w.<\/li>\n<li>Niekt\u00f3re dokumenty elektroniczne jak np. PDF mog\u0105 nie by\u0107 dost\u0119pne cyfrowo.<\/li>\n<li>Niekt\u00f3re tre\u015bci mog\u0105 nie spe\u0142nia\u0107 minimalnych wymaga\u0144 kontrastu.<\/li>\n<\/ul>\n<p>Redaktorzy naszej strony ca\u0142y czas pracuj\u0105 nad dost\u0119pno\u015bci\u0105 zamieszczanych materia\u0142\u00f3w.<\/p>\n<h3><strong><span style=\"font-size: 18pt;\">Przygotowanie deklaracji w sprawie dost\u0119pno\u015bci<\/span><\/strong><\/h3>\n<ul>\n<li><span style=\"font-size: 14pt;\"><span style=\"font-size: 14pt;\">Deklaracj\u0119 sporz\u0105dzono dnia: <time id=\"a11y-data-sporzadzenie\" datetime=\"2021-03-16\">2021-03-16<\/time><\/span><\/span><\/li>\n<li><span style=\"font-size: 14pt;\">Deklaracj\u0119 sporz\u0105dzono na podstawie samooceny przez podmiot publiczny<\/span><\/li>\n<li><span style=\"font-size: 14pt;\">Deklaracja zosta\u0142a poddana przegl\u0105dowi i aktualizacji dnia: <time id=\"a11y-data-deklaracja-przeglad\" datetime=\"2022-03-28\">2025-03-27<\/time><\/span><\/li>\n<\/ul>\n<h2 id=\"a11y-kontakt\"><strong><span style=\"font-size: 24pt;\">Informacje zwrotne i dane kontaktowe<\/span><\/strong><\/h2>\n<ul>\n<li><span style=\"font-size: 14pt;\">Za rozpatrywanie uwag i wniosk\u00f3w odpowiada: Sylwia Szatkowska-Pa\u0144czyk<br \/>\n<\/span><\/li>\n<li><span style=\"font-size: 14pt;\">E-mail: Sylwia.Szatkowska-Panczyk@wroclawskaedukacja.pl<br \/>\n<\/span><\/li>\n<li><span style=\"font-size: 14pt;\">Telefon: 71 798 67 58<br \/>\n<\/span><\/li>\n<\/ul>\n<p><span style=\"font-size: 14pt;\">T\u0105 sam\u0105 drog\u0105 mo\u017cna sk\u0142ada\u0107 wnioski o udost\u0119pnienie informacji niedost\u0119pnej oraz sk\u0142ada\u0107 \u017c\u0105dania zapewnienia dost\u0119pno\u015bci<\/span><\/p>\n<p id=\"a11y-procedura\"><span style=\"font-size: 14pt;\">Ka\u017cdy ma prawo:<\/span><\/p>\n<ul>\n<li><span style=\"font-size: 14pt;\">zg\u0142osi\u0107 uwagi dotycz\u0105ce dost\u0119pno\u015bci cyfrowej strony lub jej elementu,<\/span><\/li>\n<li><span style=\"font-size: 14pt;\">zg\u0142osi\u0107 \u017c\u0105danie zapewnienia dost\u0119pno\u015bci cyfrowej strony lub jej elementu,<\/span><\/li>\n<li><span style=\"font-size: 14pt;\">wnioskowa\u0107 o udost\u0119pnienie niedost\u0119pnej informacji w innej alternatywnej formie.<\/span><\/li>\n<\/ul>\n<p><span style=\"font-size: 14pt;\">\u017b\u0105danie musi zawiera\u0107:<\/span><\/p>\n<ul>\n<li><span style=\"font-size: 14pt;\">dane kontaktowe osoby zg\u0142aszaj\u0105cej,<\/span><\/li>\n<li><span style=\"font-size: 14pt;\">wskazanie strony lub elementu strony, kt\u00f3rej dotyczy \u017c\u0105danie,<\/span><\/li>\n<li><span style=\"font-size: 14pt;\">wskazanie dogodnej formy udost\u0119pnienia informacji, je\u015bli \u017c\u0105danie dotyczy udost\u0119pnienia w formie alternatywnej informacji niedost\u0119pnej.<\/span><\/li>\n<\/ul>\n<p><span style=\"font-size: 14pt;\">Rozpatrzenie zg\u0142oszenia powinno nast\u0105pi\u0107 niezw\u0142ocznie, najp\u00f3\u017aniej w ci\u0105gu 7 dni. Je\u015bli w tym terminie zapewnienie dost\u0119pno\u015bci albo zapewnienie dost\u0119pu w alternatywnej formie nie jest mo\u017cliwe, powinno nast\u0105pi\u0107 najdalej w ci\u0105gu 2 miesi\u0119cy od daty zg\u0142oszenia.<\/span><\/p>\n<h3><strong><span style=\"font-size: 18pt;\">Skargi i odwo\u0142ania<\/span><\/strong><\/h3>\n<p><span style=\"font-size: 14pt;\">Na niedotrzymanie tych termin\u00f3w oraz na odmow\u0119 realizacji \u017c\u0105dania mo\u017cna z\u0142o\u017cy\u0107 skarg\u0119 do organu nadzoruj\u0105cego poczt\u0105 lub drog\u0105 elektroniczn\u0105 na adres:<\/span><\/p>\n<ul>\n<li><span style=\"font-size: 14pt;\">Organ nadzoruj\u0105cy: Dyrektor Przedszkola nr 119 we Wroc\u0142awiu<\/span><\/li>\n<li><span style=\"font-size: 14pt;\">Adres: ul. \u0141\u00f3dzka 23<\/span><br \/>\n<span style=\"font-size: 14pt;\">50-521 Wroc\u0142aw<\/span><\/li>\n<li><span style=\"font-size: 14pt;\">E-mail: sekretariat.p119@wroclawskaedukacja.pl<br \/>\n<\/span><\/li>\n<li><span style=\"font-size: 14pt;\">Telefon: <span id=\"a11y-telefon\">71 798 67 58<br \/>\n<\/span><\/span><\/li>\n<\/ul>\n<p><span style=\"font-size: 14pt;\">Skarg\u0119 mo\u017cna z\u0142o\u017cy\u0107 r\u00f3wnie\u017c do <a href=\"https:\/\/www.rpo.gov.pl\/content\/jak-zglosic-sie-do-rzecznika-praw-obywatelskich\">Rzecznika Praw Obywatelskich<\/a>.<\/span><\/p>\n<h2 id=\"a11y-architektura\"><strong><span style=\"font-size: 24pt;\">Dost\u0119pno\u015b\u0107 architektoniczna<\/span><\/strong><\/h2>\n<p>Siedziba Przedszkola Nr 119 \u201eZielona \u0141\u0105ka\u201d we Wroc\u0142awiu mieszcz\u0105ca si\u0119 przy ulicy \u0141\u00f3dzkiej 23 we Wroc\u0142awiu nie jest przystosowana dla os\u00f3b niepe\u0142nosprawnych.<\/p>\n<ul>\n<li>Przed budynkiem brak parkingu dla os\u00f3b niepe\u0142nosprawnych.<\/li>\n<li>Na trasie doj\u015bcia do wej\u015bcia do budynku wyst\u0119puj\u0105 przeszkody &#8211; \u00a0p\u0142ot, bramka.<\/li>\n<li>Budynek jest jednopi\u0119trowy, do kt\u00f3rego prowadzi jedno wej\u015bcie g\u0142\u00f3wne stanowi\u0105ce dwie pary drzwi &#8211; \u00a0mo\u017cliwe po pokonaniu schod\u00f3w (brak platformy oraz podjazdu).<\/li>\n<li>Wej\u015bcie g\u0142\u00f3wne nie jest wyposa\u017cone w system informacji naprowadzaj\u0105cej d\u017awi\u0119kowo osoby niewidome.<\/li>\n<li>Sto\u0142\u00f3wka i jedna sala zaj\u0119\u0107 dla dzieci oraz \u00a0pomieszczenia administracji usytuowane s\u0105 na parterze, pozosta\u0142e sale zaj\u0119\u0107 znajduj\u0105 si\u0119 na pi\u0119trze.<\/li>\n<li>Pomieszczenia oznaczone s\u0105 tabliczkami imiennymi, zawieszonymi na standardowej wysoko\u015bci.<\/li>\n<li>Na pi\u0119tro prowadz\u0105 schody, kt\u00f3re nie s\u0105 wyposa\u017cone w urz\u0105dzenia typu pochylnie, platformy przyschodowe.<\/li>\n<li>Brak mo\u017cliwo\u015bci swobodnego poruszania si\u0119 osoby na w\u00f3zku, brak jest r\u00f3wnie\u017c windy osobowej.<\/li>\n<li>Ponadto przedszkole nie posiada toalety przystosowanej do potrzeb os\u00f3b niepe\u0142nosprawnych.<\/li>\n<li>Do budynku mo\u017cna wej\u015b\u0107 z psem asystuj\u0105cym i psem przewodnikiem.<\/li>\n<li>W przedszkolu nie ma p\u0119tli indukcyjnych, oznacze\u0144 w alfabecie Brail\u2019a ani oznacze\u0144 kontrastowych lub w druku powi\u0119kszonym dla os\u00f3b niewidz\u0105cych i s\u0142abowidz\u0105cych.<\/li>\n<li>Brak tak\u017ce t\u0142umacza j\u0119zyka migowego.<\/li>\n<li>Drugie wej\u015bcie do budynku ma przeznaczenie gospodarcze, znajduje si\u0119 od strony bramy wjazdowej.\u00a0 Do niego prowadz\u0105 schody, przy kt\u00f3rych nie ma podjazd\u00f3w dla w\u00f3zk\u00f3w.<\/li>\n<\/ul>\n<h3><strong><span style=\"font-size: 18pt;\">Udogodnienia<\/span><\/strong><\/h3>\n<ul>\n<li><span style=\"font-size: 14pt;\">Domy\u015ble skr\u00f3ty klawiszowe przegl\u0105darek internetowych<\/span><\/li>\n<li><span style=\"font-size: 14pt;\">Prze\u0142\u0105cznik kontrastowy<\/span><\/li>\n<\/ul>\n<p>[\/vc_column_text][\/vc_column][\/vc_row]<\/p>\n<\/div>","protected":false},"excerpt":{"rendered":"<p>[vc_row][vc_column width=&#8221;2\/3&#8243;][vc_empty_space height=&#8221;20px&#8221;][vc_column_text] Deklaracja dost\u0119pno\u015bci Przedszkole nr 119 [\/vc_column_text][\/vc_column][vc_column width=&#8221;1\/3&#8243;][vc_icon icon_fontawesome=&#8221;far fa-file-alt&#8221; color=&#8221;mulled_wine&#8221; background_style=&#8221;rounded-outline&#8221; background_color=&#8221;custom&#8221; size=&#8221;xl&#8221; align=&#8221;center&#8221; link=&#8221;url:%2Fwp-content%2Fuploads%2Fsites%2F80%2F2024%2F01%2FRAPORT-DOSTEPNOSC-P11984dd.pdf|title:Raport%20dost%C4%99pno%C5%9Bci|target:_blank&#8221; custom_background_color=&#8221;#5c7d26&#8243;][vc_column_text css=&#8221;.vc_custom_1706177072562{margin-top: -40px !important;}&#8221;] Raport dost\u0119pno\u015bci [\/vc_column_text][\/vc_column][\/vc_row][vc_row][vc_column][vc_column_text css=&#8221;&#8221;] Przedszkole nr 119 we [&hellip;]<\/p>\n","protected":false},"author":7,"featured_media":0,"parent":0,"menu_order":0,"comment_status":"closed","ping_status":"closed","template":"","meta":{"footnotes":""},"class_list":["post-7","page","type-page","status-publish","hentry","clearfix"],"_links":{"self":[{"href":"https:\/\/przedszkole119.edu.wroclaw.pl\/index.php\/wp-json\/wp\/v2\/pages\/7","targetHints":{"allow":["GET"]}}],"collection":[{"href":"https:\/\/przedszkole119.edu.wroclaw.pl\/index.php\/wp-json\/wp\/v2\/pages"}],"about":[{"href":"https:\/\/przedszkole119.edu.wroclaw.pl\/index.php\/wp-json\/wp\/v2\/types\/page"}],"author":[{"embeddable":true,"href":"https:\/\/przedszkole119.edu.wroclaw.pl\/index.php\/wp-json\/wp\/v2\/users\/7"}],"replies":[{"embeddable":true,"href":"https:\/\/przedszkole119.edu.wroclaw.pl\/index.php\/wp-json\/wp\/v2\/comments?post=7"}],"version-history":[{"count":8,"href":"https:\/\/przedszkole119.edu.wroclaw.pl\/index.php\/wp-json\/wp\/v2\/pages\/7\/revisions"}],"predecessor-version":[{"id":4499,"href":"https:\/\/przedszkole119.edu.wroclaw.pl\/index.php\/wp-json\/wp\/v2\/pages\/7\/revisions\/4499"}],"wp:attachment":[{"href":"https:\/\/przedszkole119.edu.wroclaw.pl\/index.php\/wp-json\/wp\/v2\/media?parent=7"}],"curies":[{"name":"wp","href":"https:\/\/api.w.org\/{rel}","templated":true}]}}