
{"id":40,"date":"2024-01-10T14:07:15","date_gmt":"2024-01-10T13:07:15","guid":{"rendered":"https:\/\/przedszkole119.edu.wroclaw.pl\/?page_id=40"},"modified":"2026-04-27T14:50:38","modified_gmt":"2026-04-27T12:50:38","slug":"rodo","status":"publish","type":"page","link":"https:\/\/przedszkole119.edu.wroclaw.pl\/index.php\/rodo\/","title":{"rendered":"RODO"},"content":{"rendered":"<div class=\"wpb-content-wrapper\"><p>[vc_row][vc_column width=&#8221;2\/3&#8243;][vc_column_text css=&#8221;&#8221;]<\/p>\n<h2 style=\"text-align: left\" align=\"center\"><span style=\"color: #333399\"><strong>KLAUZULA O RODO<\/strong><\/span><\/h2>\n<hr \/>\n<p><span style=\"font-size: 20px\">Od 25 maja 2018 roku obowi\u0105zuje Rozporz\u0105dzenie Parlamentu Europejskiego i Rady (UE) 2016\/679 z dnia 27 kwietnia 2016 r (RODO).<\/span><\/p>\n<p><span style=\"font-size: 20px\">Poni\u017cej informacja do zapoznania si\u0119.<\/span>[\/vc_column_text][\/vc_column][vc_column width=&#8221;1\/3&#8243;][vc_cta h2=&#8221;Inspektor Ochrony Danych Osobowych&#8221; txt_align=&#8221;center&#8221; style=&#8221;outline&#8221; color=&#8221;peacoc&#8221;]<\/p>\n<h3><strong>Tomasz Grzybowski<\/strong><\/h3>\n<p>mail: <a href=\"mailto:inspektor@coreconsulting.pl\">inspektor@coreconsulting.pl<\/a><br \/>\ntel: 0501 083 482[\/vc_cta][\/vc_column][\/vc_row][vc_row][vc_column][vc_column_text css=&#8221;&#8221;]<\/p>\n<h2 style=\"text-align: left\" align=\"center\"><span style=\"font-family: georgia, palatino, serif;font-size: 24px;color: #0000ff\"><strong>KLAUZULA INFORMACYJNA<\/strong><\/span><\/h2>\n<hr \/>\n<p><span style=\"font-family: georgia, palatino, serif;font-size: 20px\">Poni\u017cej zamieszczamy klauzule informacyjne dost\u0119pne w naszej plac\u00f3wce:<\/span><\/p>\n<h4 style=\"text-align: left\" align=\"center\"><span style=\"font-family: georgia, palatino, serif;font-size: 16px\"><a href=\"https:\/\/przedszkole119.edu.wroclaw.pl\/wp-content\/uploads\/sites\/80\/2026\/04\/Klauzula-wolontariusz.docx\">Klauzula &#8211; wolontariusz<\/a><\/span><\/h4>\n<h4 style=\"text-align: left\" align=\"center\"><span style=\"font-family: georgia, palatino, serif;font-size: 16px\"><a href=\"https:\/\/przedszkole119.edu.wroclaw.pl\/wp-content\/uploads\/sites\/80\/2026\/04\/Klauzula-zlozenie-pisma-w-placowce.docx\">Klauzula &#8211; z\u0142o\u017cenie pisma w plac\u00f3wce<\/a><\/span><\/h4>\n<h4 style=\"text-align: left\" align=\"center\"><span style=\"font-family: georgia, palatino, serif;font-size: 16px\"><a href=\"https:\/\/przedszkole119.edu.wroclaw.pl\/wp-content\/uploads\/sites\/80\/2026\/04\/Klauzula-ZFSS.docx\">Klauzula &#8211; ZF\u015aS<\/a><\/span><\/h4>\n<h4 style=\"text-align: left\" align=\"center\"><span style=\"font-family: georgia, palatino, serif;font-size: 16px\"><a href=\"https:\/\/przedszkole119.edu.wroclaw.pl\/wp-content\/uploads\/sites\/80\/2026\/04\/Klauzula-zamowienia-publiczne.docx\">Klauzula &#8211; zam\u00f3wienia publiczne<\/a><\/span><\/h4>\n<h4 style=\"text-align: left\" align=\"center\"><span style=\"font-family: georgia, palatino, serif;font-size: 16px\"><a href=\"https:\/\/przedszkole119.edu.wroclaw.pl\/wp-content\/uploads\/sites\/80\/2026\/04\/Klauzula-umowa.docx\">Klauzula &#8211; umowa<\/a><\/span><\/h4>\n<h4 style=\"text-align: left\" align=\"center\"><span style=\"font-family: georgia, palatino, serif;font-size: 16px\"><a href=\"https:\/\/przedszkole119.edu.wroclaw.pl\/wp-content\/uploads\/sites\/80\/2026\/04\/Klauzula-umowa-najmu.docx\">Klauzula &#8211; umowa najmu<\/a><\/span><\/h4>\n<h4 style=\"text-align: left\" align=\"center\"><span style=\"font-family: georgia, palatino, serif;font-size: 16px\"><a href=\"https:\/\/przedszkole119.edu.wroclaw.pl\/wp-content\/uploads\/sites\/80\/2026\/04\/Klauzula-strona-www.docx\">Klauzula &#8211; strona www<\/a><\/span><\/h4>\n<h4 style=\"text-align: left\" align=\"center\"><span style=\"font-family: georgia, palatino, serif;font-size: 16px\"><a href=\"https:\/\/przedszkole119.edu.wroclaw.pl\/wp-content\/uploads\/sites\/80\/2026\/04\/Klauzula-rekrutacja-pracownika.docx\">Klauzula &#8211; rekrutacja pracownika<\/a><\/span><\/h4>\n<h4 style=\"text-align: left\" align=\"center\"><span style=\"font-family: georgia, palatino, serif;font-size: 16px\"><a href=\"https:\/\/przedszkole119.edu.wroclaw.pl\/wp-content\/uploads\/sites\/80\/2026\/04\/Klauzula-praktykanci.docx\">Klauzula &#8211; praktykanci<\/a><\/span><\/h4>\n<h4 style=\"text-align: left\" align=\"center\"><span style=\"font-family: georgia, palatino, serif;font-size: 16px\"><a href=\"https:\/\/przedszkole119.edu.wroclaw.pl\/wp-content\/uploads\/sites\/80\/2026\/04\/Klauzula-pracownik-samorzadowy.docx\">Klauzula &#8211; pracownik samorz\u0105dowy<\/a><\/span><\/h4>\n<h4 style=\"text-align: left\" align=\"center\"><span style=\"font-family: georgia, palatino, serif;font-size: 16px\"><a href=\"https:\/\/przedszkole119.edu.wroclaw.pl\/wp-content\/uploads\/sites\/80\/2026\/04\/Klauzula-pracownik-nauczyciel.docx\">Klauzula &#8211; pracownik &#8211; nauczyciel<\/a><\/span><\/h4>\n<h4 style=\"text-align: left\" align=\"center\"><span style=\"font-family: georgia, palatino, serif;font-size: 16px\"><a href=\"https:\/\/przedszkole119.edu.wroclaw.pl\/wp-content\/uploads\/sites\/80\/2026\/04\/Klauzula-praca-spolecznie-uzyteczna.docx\">Klauzula &#8211; praca spo\u0142ecznie u\u017cyteczna<\/a><\/span><\/h4>\n<h4 style=\"text-align: left\" align=\"center\"><span style=\"font-family: georgia, palatino, serif;font-size: 16px\"><a href=\"https:\/\/przedszkole119.edu.wroclaw.pl\/wp-content\/uploads\/sites\/80\/2026\/04\/Klauzula-PPK.docx\">Klauzula &#8211; PPK<\/a><\/span><\/h4>\n<h4 style=\"text-align: left\" align=\"center\"><span style=\"font-family: georgia, palatino, serif;font-size: 16px\"><a href=\"https:\/\/przedszkole119.edu.wroclaw.pl\/wp-content\/uploads\/sites\/80\/2026\/04\/Klauzula-postepowanie-administracyjne.docx\">Klauzula &#8211; post\u0119powanie administracyjne<\/a><\/span><\/h4>\n<h4 style=\"text-align: left\" align=\"center\"><span style=\"font-family: georgia, palatino, serif;font-size: 16px\"><a href=\"https:\/\/przedszkole119.edu.wroclaw.pl\/wp-content\/uploads\/sites\/80\/2026\/04\/Klauzula-opiekun-wycieczki.docx\">Klauzula &#8211; opiekun wycieczki<\/a><\/span><\/h4>\n<h4 style=\"text-align: left\" align=\"center\"><span style=\"font-family: georgia, palatino, serif;font-size: 16px\"><a href=\"https:\/\/przedszkole119.edu.wroclaw.pl\/wp-content\/uploads\/sites\/80\/2026\/04\/Klauzula-korespondencja-elektroniczna.docx\">Klauzula &#8211; korespondencja elektroniczna<\/a><\/span><\/h4>\n<h4 style=\"text-align: left\" align=\"center\"><span style=\"font-family: georgia, palatino, serif;font-size: 16px\"><a href=\"https:\/\/przedszkole119.edu.wroclaw.pl\/wp-content\/uploads\/sites\/80\/2026\/04\/Klauzula-Fundusz-Zdrowotny.docx\">Klauzula &#8211; Fundusz Zdrowotny<\/a><\/span><\/h4>\n<h4 style=\"text-align: left\" align=\"center\"><span style=\"font-family: georgia, palatino, serif;font-size: 16px\"><a href=\"https:\/\/przedszkole119.edu.wroclaw.pl\/wp-content\/uploads\/sites\/80\/2026\/04\/Klauzula-dla-osob-upowaznionych-do-odbioru-dziecka-z-przedszkola.docx\">Klauzula &#8211; dla os\u00f3b upowa\u017cnionych do odbioru dziecka z przedszkola<\/a><\/span><\/h4>\n<h4 style=\"text-align: left\" align=\"center\"><span style=\"font-family: georgia, palatino, serif;font-size: 16px\"><a href=\"https:\/\/przedszkole119.edu.wroclaw.pl\/wp-content\/uploads\/sites\/80\/2026\/04\/Klauzula-edukacja-dziecka-w-placowce.docx\">Klauzula &#8211; edukacja dziecka w plac\u00f3wce<\/a><\/span><\/h4>\n<h2 style=\"text-align: left\" align=\"center\"><\/h2>\n<p>[\/vc_column_text][\/vc_column][\/vc_row]<\/p>\n<\/div>","protected":false},"excerpt":{"rendered":"<p>[vc_row][vc_column width=&#8221;2\/3&#8243;][vc_column_text css=&#8221;&#8221;] KLAUZULA O RODO Od 25 maja 2018 roku obowi\u0105zuje Rozporz\u0105dzenie Parlamentu Europejskiego i Rady (UE) 2016\/679 z dnia 27 kwietnia 2016 r (RODO). Poni\u017cej informacja do zapoznania [&hellip;]<\/p>\n","protected":false},"author":7,"featured_media":0,"parent":0,"menu_order":0,"comment_status":"closed","ping_status":"closed","template":"","meta":{"footnotes":""},"class_list":["post-40","page","type-page","status-publish","hentry","clearfix"],"_links":{"self":[{"href":"https:\/\/przedszkole119.edu.wroclaw.pl\/index.php\/wp-json\/wp\/v2\/pages\/40","targetHints":{"allow":["GET"]}}],"collection":[{"href":"https:\/\/przedszkole119.edu.wroclaw.pl\/index.php\/wp-json\/wp\/v2\/pages"}],"about":[{"href":"https:\/\/przedszkole119.edu.wroclaw.pl\/index.php\/wp-json\/wp\/v2\/types\/page"}],"author":[{"embeddable":true,"href":"https:\/\/przedszkole119.edu.wroclaw.pl\/index.php\/wp-json\/wp\/v2\/users\/7"}],"replies":[{"embeddable":true,"href":"https:\/\/przedszkole119.edu.wroclaw.pl\/index.php\/wp-json\/wp\/v2\/comments?post=40"}],"version-history":[{"count":17,"href":"https:\/\/przedszkole119.edu.wroclaw.pl\/index.php\/wp-json\/wp\/v2\/pages\/40\/revisions"}],"predecessor-version":[{"id":6749,"href":"https:\/\/przedszkole119.edu.wroclaw.pl\/index.php\/wp-json\/wp\/v2\/pages\/40\/revisions\/6749"}],"wp:attachment":[{"href":"https:\/\/przedszkole119.edu.wroclaw.pl\/index.php\/wp-json\/wp\/v2\/media?parent=40"}],"curies":[{"name":"wp","href":"https:\/\/api.w.org\/{rel}","templated":true}]}}