
{"id":37,"date":"2024-01-10T13:27:50","date_gmt":"2024-01-10T12:27:50","guid":{"rendered":"https:\/\/przedszkole119.edu.wroclaw.pl\/?page_id=37"},"modified":"2026-03-12T22:23:20","modified_gmt":"2026-03-12T21:23:20","slug":"rekrutacja","status":"publish","type":"page","link":"https:\/\/przedszkole119.edu.wroclaw.pl\/index.php\/rekrutacja\/","title":{"rendered":"Rekrutacja 2026\/2027"},"content":{"rendered":"<div class=\"wpb-content-wrapper\"><p>[vc_row][vc_column][vc_hoverbox image=&#8221;5900&#8243; primary_title=&#8221;&#8221; hover_title=&#8221;DRZWI OTWARTE&#8221;]<\/p>\n<p class=\"isSelectedEnd\" style=\"text-align: center\"><span style=\"font-family: 'book antiqua', palatino, serif\">\ud83c\udf3f <span style=\"font-size: 20px\"><strong>Drzwi Otwarte w Przedszkolu nr 119 \u201eZielona \u0141\u0105ka\u201d<\/strong><\/span> \ud83c\udf3f<\/span><\/p>\n<p class=\"isSelectedEnd\" style=\"text-align: center\"><strong><span style=\"font-family: 'book antiqua', palatino, serif\">Drodzy Rodzice!<\/span><\/strong><\/p>\n<p class=\"isSelectedEnd\" style=\"text-align: center\"><span style=\"font-family: 'book antiqua', palatino, serif\">Je\u015bli wci\u0105\u017c zastanawiacie si\u0119 nad wyborem odpowiedniego przedszkola dla swojego dziecka \u2013 <strong>serdecznie zapraszamy do naszej \u201e<span style=\"color: #339966\"><em>Zielonej \u0141\u0105ki\u201d<\/em><\/span> na <span style=\"color: #ff9900\">Drzwi Otwarte<\/span><\/strong><span style=\"color: #ff9900\">.<\/span> To doskona\u0142a okazja, aby pozna\u0107 miejsce, w kt\u00f3rym dzieci ucz\u0105 si\u0119, bawi\u0105 i rozwijaj\u0105 w <strong>przyjaznej atmosferze<\/strong>.<\/span><\/p>\n<p class=\"isSelectedEnd\"><span style=\"font-family: 'book antiqua', palatino, serif\">\ud83d\udcc5 <strong>\u015aroda, 18 marca<\/strong><\/span><br \/>\n<span style=\"font-family: 'book antiqua', palatino, serif\">\u23f0 <strong>Godzina 17:00\u201318:00<\/strong><\/span><\/p>\n<p class=\"isSelectedEnd\"><span style=\"text-decoration: underline\"><span style=\"font-family: 'book antiqua', palatino, serif\">Podczas spotkania b\u0119dzie mo\u017cna:<\/span><\/span><br \/>\n<span style=\"font-family: 'book antiqua', palatino, serif\">\u2022 zobaczy\u0107 sale i przestrze\u0144, w kt\u00f3rej przebywaj\u0105 dzieci,<\/span><br \/>\n<span style=\"font-family: 'book antiqua', palatino, serif\">\u2022 dowiedzie\u0107 si\u0119 wi\u0119cej o ofercie i codziennych zaj\u0119ciach przedszkola,<\/span><br \/>\n<span style=\"font-family: 'book antiqua', palatino, serif\">\u2022 zada\u0107 pytania i rozwia\u0107 w\u0105tpliwo\u015bci dotycz\u0105ce rekrutacji.<\/span><\/p>\n<p class=\"isSelectedEnd\" style=\"text-align: center\"><span style=\"font-family: 'book antiqua', palatino, serif\">Zapraszamy wszystkich niezdecydowanych Rodzic\u00f3w wraz z Dzie\u0107mi, kt\u00f3rzy chc\u0105 znale\u017a\u0107 dobre i bezpieczne miejsce dla swojego dziecka.<\/span><\/p>\n<p class=\"isSelectedEnd\" style=\"text-align: center\"><span style=\"font-family: 'book antiqua', palatino, serif\">Warto wiedzie\u0107, \u017ce <strong>czekamy nie tylko na trzylatki<\/strong> \u2013 w tym roku oferujemy r\u00f3wnie\u017c miejsca dla <strong>dzieci czteroletnich, pi\u0119cioletnich oraz sze\u015bciolatk\u00f3w<\/strong>.<\/span><\/p>\n<p class=\"isSelectedEnd\" style=\"text-align: center\"><span style=\"font-family: 'book antiqua', palatino, serif\">\ud83d\udc9a <strong>Przyjd\u017acie, poznajcie <span style=\"font-size: 16px;color: #339966\">\u201eZielon\u0105 \u0141\u0105k\u0119\u201d <\/span>i przekonajcie si\u0119, \u017ce to miejsce pe\u0142ne dzieci\u0119cej rado\u015bci i ciekawych do\u015bwiadcze\u0144.<\/strong><\/span><\/p>\n<p style=\"text-align: center\"><span style=\"font-family: 'book antiqua', palatino, serif\">Serdecznie zapraszamy! \ud83c\udf3c<\/span><\/p>\n<p>[\/vc_hoverbox][vc_column_text css=&#8221;&#8221;]<\/p>\n<hr \/>\n<p><strong><span style=\"font-family: 'comic sans ms', sans-serif;font-size: 20px;color: #ff0000\">REKRUTACJA\u00a0 2026\/2027<\/span><\/strong><\/p>\n<p><span style=\"color: #ff0000;font-family: 'comic sans ms', sans-serif\">DLA\u00a0 PA\u0143STWA\u00a0 ZAMIESZCZAMY AKTUALNE\u00a0 INFORMACJE\u00a0 O\u00a0 ZASADACH\u00a0 REKRUTACJI:<\/span><\/p>\n<p><span style=\"color: #0000ff;font-family: 'comic sans ms', sans-serif;font-size: 16px\"><a style=\"color: #0000ff\" href=\"https:\/\/przedszkole119.edu.wroclaw.pl\/wp-content\/uploads\/sites\/80\/2026\/01\/UDZIAL-W-REKRUTACJI-1.docx\"><span style=\"color: #0000ff\">UDZIA\u0141 W REKRUTACJI <\/span><\/a><\/span><\/p>\n<p><span style=\"font-size: 16px;color: #0000ff;font-family: 'comic sans ms', sans-serif\"><a style=\"color: #0000ff;text-decoration: underline\" href=\"https:\/\/przedszkole119.edu.wroclaw.pl\/wp-content\/uploads\/sites\/80\/2026\/01\/SAMOTNE-WYCHOWANIE.docx\">SAMOTNE WYCHOWANIE<\/a><\/span><\/p>\n<p><span style=\"color: #0000ff;font-family: 'comic sans ms', sans-serif;font-size: 16px\"><a style=\"color: #0000ff;text-decoration: underline\" href=\"https:\/\/przedszkole119.edu.wroclaw.pl\/wp-content\/uploads\/sites\/80\/2026\/01\/PODSTAWY-PRAWNE-1.docx\">PODSTAWY PRAWNE <\/a><\/span><\/p>\n<p><span style=\"font-family: 'comic sans ms', sans-serif;color: #0000ff;font-size: 16px\"><a style=\"color: #0000ff;text-decoration: underline\" href=\"https:\/\/przedszkole119.edu.wroclaw.pl\/wp-content\/uploads\/sites\/80\/2026\/01\/ODWOLANIA-1.docx\">ODWO\u0141ANIA <\/a><\/span><\/p>\n<p><span style=\"font-family: 'comic sans ms', sans-serif;color: #0000ff;font-size: 16px\"><a style=\"color: #0000ff;text-decoration: underline\" href=\"https:\/\/przedszkole119.edu.wroclaw.pl\/wp-content\/uploads\/sites\/80\/2026\/01\/KRYTERIA-.docx\">KRYTERIA<\/a><\/span><\/p>\n<p><span style=\"font-family: 'comic sans ms', sans-serif;color: #0000ff;font-size: 16px\"><a style=\"color: #0000ff;text-decoration: underline\" href=\"https:\/\/przedszkole119.edu.wroclaw.pl\/wp-content\/uploads\/sites\/80\/2026\/01\/KONTYNUACJA-1.docx\">KONTYNUACJA\u00a0<\/a><\/span><\/p>\n<p><span style=\"font-family: 'comic sans ms', sans-serif;color: #0000ff;font-size: 16px\"><a style=\"color: #0000ff;text-decoration: underline\" href=\"https:\/\/przedszkole119.edu.wroclaw.pl\/wp-content\/uploads\/sites\/80\/2026\/01\/INFORMACJE-OGOLNE-2.docx\">INFORMACJE OG\u00d3LNE\u00a0<\/a><\/span><\/p>\n<p><span style=\"color: #0000ff;font-family: 'comic sans ms', sans-serif;font-size: 16px\"><a style=\"color: #0000ff;text-decoration: underline\" href=\"https:\/\/przedszkole119.edu.wroclaw.pl\/wp-content\/uploads\/sites\/80\/2026\/01\/HARMONOGRAM-DLA-RODZICOW-ETAP-PODSTAWOWY.docx\">HARMONOGRAM DLA RODZIC\u00d3W &#8211; ETAP PODSTAWOWY <\/a><\/span><\/p>\n<p><span style=\"color: #0000ff;font-family: 'comic sans ms', sans-serif;font-size: 16px\"><a style=\"color: #0000ff;text-decoration: underline\" href=\"https:\/\/przedszkole119.edu.wroclaw.pl\/wp-content\/uploads\/sites\/80\/2026\/01\/HARMONOGRAM-DLA-RODZICOW-ETAP-UZUPELNIAJACY.docx\">HARMONOGRAM DLA RODZIC\u00d3W &#8211; ETAP UZUPE\u0141NIAJ\u0104CY<\/a><\/span><\/p>\n<p><span style=\"color: #0000ff;font-family: 'comic sans ms', sans-serif;font-size: 16px\"><a style=\"color: #0000ff;text-decoration: underline\" href=\"https:\/\/przedszkole119.edu.wroclaw.pl\/wp-content\/uploads\/sites\/80\/2026\/01\/DZIECI-O-SPECJALNYCH-POTRZEBACH-3.docx\">DZIECI O SPECJALNYCH POTRZEBACH<\/a><\/span><\/p>\n<p><span style=\"font-size: 16px;font-family: 'comic sans ms', sans-serif;color: #0000ff\"><a style=\"color: #0000ff;text-decoration: underline\" href=\"https:\/\/przedszkole119.edu.wroclaw.pl\/wp-content\/uploads\/sites\/80\/2026\/01\/DOCHOD.docx\">DOCH\u00d3D<\/a><\/span><\/p>\n<p><span style=\"color: #0000ff;font-family: 'comic sans ms', sans-serif;font-size: 16px\"><a style=\"color: #0000ff;text-decoration: underline\" href=\"https:\/\/przedszkole119.edu.wroclaw.pl\/wp-content\/uploads\/sites\/80\/2026\/01\/WSPARCIE-TECHNICZNE-1.docx\">WSPARCIE TECHNICZNE <\/a><\/span><\/p>\n<p><span style=\"font-family: 'comic sans ms', sans-serif;color: #0000ff;font-size: 16px\"><a style=\"color: #0000ff;text-decoration: underline\" href=\"https:\/\/przedszkole119.edu.wroclaw.pl\/wp-content\/uploads\/sites\/80\/2026\/01\/BIULETYN-INFORMACYJNY.pdf\">BIULETYN INFORMACYJNY<\/a><\/span><\/p>\n<p><span style=\"font-family: 'comic sans ms', sans-serif;color: #000000\">W przypadku braku mo\u017cliwo\u015bci skorzystania z systemu elektronicznego istnieje mo\u017cliwo\u015b\u0107 z\u0142o\u017cenia wniosku wraz z za\u0142\u0105cznikami bezpo\u015brednio w plac\u00f3wce pierwszego wyboru.<\/span><\/p>\n<p><span style=\"color: #00ff00;font-family: 'comic sans ms', sans-serif;font-size: 24px\">POWODZENIA!!!!<\/span><\/p>\n<p>&nbsp;<\/p>\n<p>&nbsp;<\/p>\n<p>&nbsp;<\/p>\n<p>[\/vc_column_text][\/vc_column][\/vc_row]<\/p>\n<\/div>","protected":false},"excerpt":{"rendered":"<p>[vc_row][vc_column][vc_hoverbox image=&#8221;5900&#8243; primary_title=&#8221;&#8221; hover_title=&#8221;DRZWI OTWARTE&#8221;] \ud83c\udf3f Drzwi Otwarte w Przedszkolu nr 119 \u201eZielona \u0141\u0105ka\u201d \ud83c\udf3f Drodzy Rodzice! Je\u015bli wci\u0105\u017c zastanawiacie si\u0119 nad wyborem odpowiedniego przedszkola dla swojego dziecka \u2013 serdecznie [&hellip;]<\/p>\n","protected":false},"author":7,"featured_media":0,"parent":0,"menu_order":0,"comment_status":"closed","ping_status":"closed","template":"","meta":{"footnotes":""},"class_list":["post-37","page","type-page","status-publish","hentry","clearfix"],"_links":{"self":[{"href":"https:\/\/przedszkole119.edu.wroclaw.pl\/index.php\/wp-json\/wp\/v2\/pages\/37","targetHints":{"allow":["GET"]}}],"collection":[{"href":"https:\/\/przedszkole119.edu.wroclaw.pl\/index.php\/wp-json\/wp\/v2\/pages"}],"about":[{"href":"https:\/\/przedszkole119.edu.wroclaw.pl\/index.php\/wp-json\/wp\/v2\/types\/page"}],"author":[{"embeddable":true,"href":"https:\/\/przedszkole119.edu.wroclaw.pl\/index.php\/wp-json\/wp\/v2\/users\/7"}],"replies":[{"embeddable":true,"href":"https:\/\/przedszkole119.edu.wroclaw.pl\/index.php\/wp-json\/wp\/v2\/comments?post=37"}],"version-history":[{"count":38,"href":"https:\/\/przedszkole119.edu.wroclaw.pl\/index.php\/wp-json\/wp\/v2\/pages\/37\/revisions"}],"predecessor-version":[{"id":5902,"href":"https:\/\/przedszkole119.edu.wroclaw.pl\/index.php\/wp-json\/wp\/v2\/pages\/37\/revisions\/5902"}],"wp:attachment":[{"href":"https:\/\/przedszkole119.edu.wroclaw.pl\/index.php\/wp-json\/wp\/v2\/media?parent=37"}],"curies":[{"name":"wp","href":"https:\/\/api.w.org\/{rel}","templated":true}]}}