
{"id":205,"date":"2024-01-31T13:44:18","date_gmt":"2024-01-31T12:44:18","guid":{"rendered":"https:\/\/przedszkole119.edu.wroclaw.pl\/?page_id=205"},"modified":"2026-02-15T11:01:14","modified_gmt":"2026-02-15T10:01:14","slug":"przedszkole-szansa-dla-dziecka","status":"publish","type":"page","link":"https:\/\/przedszkole119.edu.wroclaw.pl\/index.php\/dla-rodzicow\/przedszkole-szansa-dla-dziecka\/","title":{"rendered":"Przedszkole szans\u0105 dla dziecka"},"content":{"rendered":"<div class=\"wpb-content-wrapper\"><p>[vc_row][vc_column][vc_column_text css=&#8221;&#8221;]<\/p>\n<h2 style=\"text-align: center\"><span style=\"color: #339966;font-family: 'comic sans ms', sans-serif\">Dzieci<\/span><\/h2>\n<p><span style=\"font-size: 16px;font-family: 'comic sans ms', sans-serif;color: #ffcc00\">Dzieci wci\u0105\u017c krytykowane\u00a0<\/span><span style=\"font-size: 16px;font-family: 'comic sans ms', sans-serif;color: #ffcc00\">ucz\u0105 si\u0119 pot\u0119pia\u0107.<\/span><\/p>\n<p><span style=\"color: #ff9900\"><span style=\"font-size: 16px;font-family: 'comic sans ms', sans-serif\">Dzieci wychowywane w atmosferze wrogo\u015bci <\/span><span style=\"font-size: 16px;font-family: 'comic sans ms', sans-serif\">ucz\u0105 si\u0119 walczy\u0107.<\/span><\/span><\/p>\n<p><span style=\"color: #ff6600\"><span style=\"font-size: 16px;font-family: 'comic sans ms', sans-serif\">Dzieci wzrastaj\u0105ce w strachu\u00a0<\/span><span style=\"font-size: 16px;font-family: 'comic sans ms', sans-serif\">ucz\u0105 si\u0119 bawi\u0107.<\/span><\/span><\/p>\n<p><span style=\"color: #ff0000\"><span style=\"font-size: 16px;font-family: 'comic sans ms', sans-serif\">Dzieci, kt\u00f3re spotykaj\u0105 si\u0119 wci\u0105\u017c z politowaniem,\u00a0<\/span><span style=\"font-size: 16px;font-family: 'comic sans ms', sans-serif\">ucz\u0105 si\u0119 u\u017cala\u0107 nad sob\u0105.<\/span><\/span><\/p>\n<p><span style=\"color: #ff99cc\"><span style=\"font-size: 20px\"><span style=\"font-family: 'comic sans ms', sans-serif;font-size: 16px\">Dzieci ci\u0105gle o\u015bmieszane\u00a0<\/span><\/span><span style=\"font-size: 16px;font-family: 'comic sans ms', sans-serif\">ucz\u0105 si\u0119 nie\u015bmia\u0142o\u015bci.<\/span><\/span><\/p>\n<p><span style=\"color: #ff00ff\"><span style=\"font-size: 16px;font-family: 'comic sans ms', sans-serif\">Dzieci wzrastaj\u0105ce po\u015br\u00f3d zazdro\u015bci\u00a0<\/span><span style=\"font-size: 16px;font-family: 'comic sans ms', sans-serif\">ucz\u0105 si\u0119, czym jest zawi\u015b\u0107.<\/span><\/span><\/p>\n<p><span style=\"color: #00ccff\"><span style=\"font-size: 16px;font-family: 'comic sans ms', sans-serif\">D<span style=\"color: #cc99ff\">zieci bezustannie zawstydzane\u00a0<\/span><\/span><span style=\"font-size: 16px;font-family: 'comic sans ms', sans-serif;color: #cc99ff\">ucz\u0105 si\u0119 poczucia winy.<\/span><\/span><\/p>\n<p><span style=\"font-family: 'comic sans ms', sans-serif;font-size: 16px;color: #993366\">Dzieci otoczone tolerancj\u0105\u00a0ucz\u0105 si\u0119 cierpliwo\u015bci.<\/span><\/p>\n<p><span style=\"color: #800080\"><span style=\"font-size: 16px;font-family: 'comic sans ms', sans-serif\">Dzieci otrzymuj\u0105ce do\u015b\u0107 zach\u0119ty\u00a0<\/span><span style=\"font-size: 16px;font-family: 'comic sans ms', sans-serif\">ucz\u0105 si\u0119 \u015bmia\u0142o\u015bci.<\/span><\/span><\/p>\n<p><span style=\"font-family: 'comic sans ms', sans-serif;font-size: 16px;color: #00ffff\">Dzieci, kt\u00f3rym nie szcz\u0119dzi si\u0119 pochwa\u0142, ucz\u0105 si\u0119 uznawa\u0107 warto\u015bci.<\/span><\/p>\n<p><span style=\"color: #00ccff;font-family: 'comic sans ms', sans-serif;font-size: 16px\">Dzieci w pe\u0142ni aprobowane\u00a0ucz\u0105 si\u0119 lubi\u0107 samych siebie.<\/span><\/p>\n<p><span style=\"font-family: 'comic sans ms', sans-serif;font-size: 16px;color: #3366ff\">Dzieci akceptowane\u00a0ucz\u0105 si\u0119 odnajdywa\u0107 w \u015bwiecie mi\u0142o\u015bci.<\/span><\/p>\n<p><span style=\"font-family: 'comic sans ms', sans-serif;font-size: 16px;color: #0000ff\">Dzieci, kt\u00f3re cz\u0119sto s\u0142ysz\u0105 s\u0142owa uznania\u00a0ucz\u0105 si\u0119 stawia\u0107 sobie cele.<\/span><\/p>\n<p><span style=\"font-family: 'comic sans ms', sans-serif;font-size: 16px;color: #000080\">Dzieci wzrastaj\u0105ce w atmosferze wsp\u00f3lnoty\u00a0ucz\u0105 si\u0119 hojno\u015bci.<\/span><\/p>\n<p><span style=\"font-family: 'comic sans ms', sans-serif;font-size: 16px;color: #ccffcc\">Dzieci otaczane rzetelno\u015bci\u0105 i uczciwo\u015bci\u0105\u00a0ucz\u0105 si\u0119 czym jest prawda i sprawiedliwo\u015b\u0107.<\/span><\/p>\n<p><span style=\"font-size: 16px;font-family: 'comic sans ms', sans-serif;color: #00ff00\">Dzieci wychowywane w poczuciu bezpiecze\u0144stwa\u00a0ucz\u0105 si\u0119 ufa\u0107 sobie i innym.<\/span><\/p>\n<p><span style=\"font-size: 16px;font-family: 'comic sans ms', sans-serif;color: #008000\">Dzieci dorastaj\u0105ce w klimacie przyja\u017ani ucz\u0105 si\u0119, jak wspaniale jest \u017cy\u0107.<\/span><\/p>\n<p><span style=\"font-family: 'comic sans ms', sans-serif;font-size: 16px;color: #808080\">Dzieci otoczone \u0142agodno\u015bci\u0105\u00a0ucz\u0105 si\u0119 spokoju ducha.<\/span><\/p>\n<p><span style=\"font-size: 16px;font-family: 'comic sans ms', sans-serif;color: #ff0000\">Czym \u017cyj\u0105 Twoje dzieci?<\/span><\/p>\n<p>&nbsp;<\/p>\n<p style=\"text-align: right\"><em><span style=\"font-family: 'comic sans ms', sans-serif;font-size: 14px\">Autork\u0105 tekstu jest Doroty L. Nolte.<\/span><\/em><\/p>\n<p style=\"text-align: right\"><em><span style=\"font-family: 'comic sans ms', sans-serif;font-size: 14px\">Tekst pochodzi z ksi\u0105\u017cki \u201eBalsam dla duszy\u201d J. Canfielda i\u00a0 V. Hansena.<\/span><\/em><\/p>\n<p>&nbsp;<\/p>\n<p style=\"text-align: right\"><span style=\"font-size: 16px;font-family: 'book antiqua', palatino, serif;color: #ff6600\">Wszystkiego, co naprawd\u0119 trzeba wiedzie\u0107 o tym,<\/span><\/p>\n<p style=\"text-align: right\"><span style=\"font-size: 16px;font-family: 'book antiqua', palatino, serif;color: #ff6600\">jak \u017cy\u0107, co robi\u0107 i jak post\u0119powa\u0107 nauczy\u0142em si\u0119<\/span><\/p>\n<p style=\"text-align: right\"><span style=\"font-size: 16px;font-family: 'book antiqua', palatino, serif\"><span style=\"color: #ff6600\">w przedszkolu&#8230;..<\/span>.<\/span><\/p>\n<p style=\"text-align: right\"><span style=\"font-size: 16px;font-family: 'book antiqua', palatino, serif;color: #ff0000\">Tam si\u0119 nauczy\u0142em, \u017ce trzeba:<\/span><\/p>\n<p style=\"text-align: right\"><span style=\"font-size: 16px;font-family: 'book antiqua', palatino, serif;color: #ff0000\">dzieli\u0107 wszystko,<\/span><\/p>\n<p style=\"text-align: right\"><span style=\"font-size: 16px;font-family: 'book antiqua', palatino, serif;color: #ff0000\">post\u0119powa\u0107 uczciwie,<\/span><\/p>\n<p style=\"text-align: right\"><span style=\"font-size: 16px;font-family: 'book antiqua', palatino, serif;color: #ff0000\">nie bi\u0107 innych&#8230;.<\/span><\/p>\n<p style=\"text-align: right\"><span style=\"font-size: 16px;font-family: 'book antiqua', palatino, serif;color: #ff0000\">je\u015b\u0107 ciep\u0142e, ma\u015blane bu\u0142eczki i popija\u0107 zimnym mlekiem,<\/span><\/p>\n<p style=\"text-align: right\"><span style=\"font-size: 16px;font-family: 'book antiqua', palatino, serif;color: #ff0000\">prowadzi\u0107 zr\u00f3wnowa\u017cone \u017cycie, troch\u0119 si\u0119 uczy\u0107<\/span><\/p>\n<p style=\"text-align: right\"><span style=\"font-size: 16px;font-family: 'book antiqua', palatino, serif\">i<span style=\"color: #ff0000\"> troch\u0119 my\u015ble\u0107, i \u015bpiewa\u0107,<\/span><\/span><\/p>\n<p style=\"text-align: right\"><span style=\"font-size: 16px;font-family: 'book antiqua', palatino, serif;color: #ff0000\">i ta\u0144czy\u0107, i bawi\u0107 si\u0119, i codziennie troch\u0119 pracowa\u0107,<\/span><\/p>\n<p style=\"text-align: right\"><span style=\"font-size: 16px;font-family: 'book antiqua', palatino, serif;color: #ff0000\">po po\u0142udniu zdrzemn\u0105\u0107 si\u0119&#8230;.<\/span><\/p>\n<p style=\"text-align: right\"><span style=\"font-family: 'comic sans ms', sans-serif;font-size: 14px\"><em>Robert Fulghum<\/em><\/span><\/p>\n<p>[\/vc_column_text][\/vc_column][\/vc_row]<\/p>\n<\/div>","protected":false},"excerpt":{"rendered":"<p>[vc_row][vc_column][vc_column_text css=&#8221;&#8221;] Dzieci Dzieci wci\u0105\u017c krytykowane\u00a0ucz\u0105 si\u0119 pot\u0119pia\u0107. Dzieci wychowywane w atmosferze wrogo\u015bci ucz\u0105 si\u0119 walczy\u0107. Dzieci wzrastaj\u0105ce w strachu\u00a0ucz\u0105 si\u0119 bawi\u0107. Dzieci, kt\u00f3re spotykaj\u0105 si\u0119 wci\u0105\u017c z politowaniem,\u00a0ucz\u0105 si\u0119 [&hellip;]<\/p>\n","protected":false},"author":7,"featured_media":0,"parent":191,"menu_order":0,"comment_status":"closed","ping_status":"closed","template":"","meta":{"footnotes":""},"class_list":["post-205","page","type-page","status-publish","hentry","clearfix"],"_links":{"self":[{"href":"https:\/\/przedszkole119.edu.wroclaw.pl\/index.php\/wp-json\/wp\/v2\/pages\/205","targetHints":{"allow":["GET"]}}],"collection":[{"href":"https:\/\/przedszkole119.edu.wroclaw.pl\/index.php\/wp-json\/wp\/v2\/pages"}],"about":[{"href":"https:\/\/przedszkole119.edu.wroclaw.pl\/index.php\/wp-json\/wp\/v2\/types\/page"}],"author":[{"embeddable":true,"href":"https:\/\/przedszkole119.edu.wroclaw.pl\/index.php\/wp-json\/wp\/v2\/users\/7"}],"replies":[{"embeddable":true,"href":"https:\/\/przedszkole119.edu.wroclaw.pl\/index.php\/wp-json\/wp\/v2\/comments?post=205"}],"version-history":[{"count":4,"href":"https:\/\/przedszkole119.edu.wroclaw.pl\/index.php\/wp-json\/wp\/v2\/pages\/205\/revisions"}],"predecessor-version":[{"id":5688,"href":"https:\/\/przedszkole119.edu.wroclaw.pl\/index.php\/wp-json\/wp\/v2\/pages\/205\/revisions\/5688"}],"up":[{"embeddable":true,"href":"https:\/\/przedszkole119.edu.wroclaw.pl\/index.php\/wp-json\/wp\/v2\/pages\/191"}],"wp:attachment":[{"href":"https:\/\/przedszkole119.edu.wroclaw.pl\/index.php\/wp-json\/wp\/v2\/media?parent=205"}],"curies":[{"name":"wp","href":"https:\/\/api.w.org\/{rel}","templated":true}]}}