
{"id":191,"date":"2024-01-31T12:36:30","date_gmt":"2024-01-31T11:36:30","guid":{"rendered":"https:\/\/przedszkole119.edu.wroclaw.pl\/?page_id=191"},"modified":"2026-02-24T15:12:36","modified_gmt":"2026-02-24T14:12:36","slug":"dla-rodzicow","status":"publish","type":"page","link":"https:\/\/przedszkole119.edu.wroclaw.pl\/index.php\/dla-rodzicow\/","title":{"rendered":"Dla rodzic\u00f3w"},"content":{"rendered":"<div class=\"wpb-content-wrapper\"><p>[vc_row][vc_column][vc_column_text css=&#8221;&#8221;]<\/p>\n<h2 style=\"text-align: center\">Szanowni Pa\u0144stwo!<\/h2>\n<p>Przypominamy, \u017ce dzieci z alergi\u0105 lub nietolerancj\u0105 pokarmow\u0105 b\u0119d\u0105 mia\u0142y uwzgl\u0119dnion\u0105 diet\u0119 po dostarczeniu za\u015bwiadczenia lekarskiego.<\/p>\n<ul>\n<li>O\u015bwiadczenia rodzic\u00f3w nie s\u0105 przyjmowane.<\/li>\n<li>Za\u015bwiadczenia lekarskie z\u0142o\u017cone w ubieg\u0142ym roku szkolnym nadal obowi\u0105zuj\u0105<\/li>\n<li>Z\u0142o\u017cenie za\u015bwiadczenia jest konieczne w przypadku zako\u0144czenia diety.<\/li>\n<\/ul>\n<hr \/>\n<p>&nbsp;<\/p>\n<h3>Pliki do pobrania<\/h3>\n<ul>\n<li><a href=\"\/wp-content\/uploads\/sites\/80\/2024\/01\/apel-o-zdrowie.docx\" target=\"_blank\" rel=\"noopener\">Apel o zdrowie (Rozmiar 17.45 KB &#8211; DOCX)<\/a><\/li>\n<\/ul>\n<p>[\/vc_column_text][\/vc_column][\/vc_row]<\/p>\n<\/div>","protected":false},"excerpt":{"rendered":"<p>[vc_row][vc_column][vc_column_text css=&#8221;&#8221;] Szanowni Pa\u0144stwo! Przypominamy, \u017ce dzieci z alergi\u0105 lub nietolerancj\u0105 pokarmow\u0105 b\u0119d\u0105 mia\u0142y uwzgl\u0119dnion\u0105 diet\u0119 po dostarczeniu za\u015bwiadczenia lekarskiego. O\u015bwiadczenia rodzic\u00f3w nie s\u0105 przyjmowane. Za\u015bwiadczenia lekarskie z\u0142o\u017cone w ubieg\u0142ym [&hellip;]<\/p>\n","protected":false},"author":7,"featured_media":0,"parent":0,"menu_order":0,"comment_status":"closed","ping_status":"closed","template":"","meta":{"footnotes":""},"class_list":["post-191","page","type-page","status-publish","hentry","clearfix"],"_links":{"self":[{"href":"https:\/\/przedszkole119.edu.wroclaw.pl\/index.php\/wp-json\/wp\/v2\/pages\/191","targetHints":{"allow":["GET"]}}],"collection":[{"href":"https:\/\/przedszkole119.edu.wroclaw.pl\/index.php\/wp-json\/wp\/v2\/pages"}],"about":[{"href":"https:\/\/przedszkole119.edu.wroclaw.pl\/index.php\/wp-json\/wp\/v2\/types\/page"}],"author":[{"embeddable":true,"href":"https:\/\/przedszkole119.edu.wroclaw.pl\/index.php\/wp-json\/wp\/v2\/users\/7"}],"replies":[{"embeddable":true,"href":"https:\/\/przedszkole119.edu.wroclaw.pl\/index.php\/wp-json\/wp\/v2\/comments?post=191"}],"version-history":[{"count":13,"href":"https:\/\/przedszkole119.edu.wroclaw.pl\/index.php\/wp-json\/wp\/v2\/pages\/191\/revisions"}],"predecessor-version":[{"id":5735,"href":"https:\/\/przedszkole119.edu.wroclaw.pl\/index.php\/wp-json\/wp\/v2\/pages\/191\/revisions\/5735"}],"wp:attachment":[{"href":"https:\/\/przedszkole119.edu.wroclaw.pl\/index.php\/wp-json\/wp\/v2\/media?parent=191"}],"curies":[{"name":"wp","href":"https:\/\/api.w.org\/{rel}","templated":true}]}}