
{"id":149,"date":"2024-01-25T13:17:53","date_gmt":"2024-01-25T12:17:53","guid":{"rendered":"https:\/\/przedszkole119.edu.wroclaw.pl\/?page_id=149"},"modified":"2026-02-16T14:40:28","modified_gmt":"2026-02-16T13:40:28","slug":"dokumenty","status":"publish","type":"page","link":"https:\/\/przedszkole119.edu.wroclaw.pl\/index.php\/dokumenty\/","title":{"rendered":"Dokumenty"},"content":{"rendered":"<div class=\"wpb-content-wrapper\"><p>[vc_row][vc_column][vc_column_text css=&#8221;&#8221;]<span style=\"font-family: 'book antiqua', palatino, serif\">Wa\u017cne druki:<\/span><\/p>\n<ul>\n<li><span style=\"font-family: 'book antiqua', palatino, serif\">upowa\u017cnienia do odbioru dziecka z przedszkola<\/span><\/li>\n<\/ul>\n<p><a href=\"https:\/\/przedszkole119.edu.wroclaw.pl\/wp-content\/uploads\/sites\/80\/2026\/02\/Zal.-9.-Karta-do-odbioru-dziecka-z-przedszkola.docx\"><span style=\"font-family: 'book antiqua', palatino, serif;color: #333333\">Za\u0142. 9. Karta do odbioru dziecka z przedszkola<\/span><\/a><\/p>\n<p><span style=\"font-family: 'book antiqua', palatino, serif;color: #333333\"><a style=\"color: #333333\" href=\"https:\/\/przedszkole119.edu.wroclaw.pl\/wp-content\/uploads\/sites\/80\/2026\/02\/Zal.-7x.-Klauzula-dla-osob-upowaznionych-do-odbioru-dziecka-z-przedszkola.docx\">7x. Klauzula &#8211; dla os\u00f3b upowa\u017cnionych do odbioru dziecka z przedszkola\u00a0<\/a><\/span><\/p>\n<hr \/>\n<p><span style=\"font-family: 'comic sans ms', sans-serif\">Szanowni Pa\u0144stwo<\/span><\/p>\n<p><span style=\"font-family: 'comic sans ms', sans-serif\">Zgodnie z informacjami przekazywanymi podczas zebra\u0144 organizacyjnych zamieszczam obowi\u0105zuj\u0105c\u0105 Procedur\u0119\u00a0 wydawania pisemnej informacji o dziecku przez Przedszkole nr 119 &#8222;Zielona \u0141\u0105ka&#8221; we Wroc\u0142awiu.<\/span><\/p>\n<p><span style=\"font-family: 'comic sans ms', sans-serif\">procedura &#8211; <a href=\"https:\/\/przedszkole119.edu.wroclaw.pl\/wp-content\/uploads\/sites\/80\/2024\/09\/PROCEDURA-INFORMACJA-O-DZIECKU-PPP.pdf\">PROCEDURA-INFORMACJA O DZIECKU-PPP<\/a><\/span><\/p>\n<p><span style=\"font-family: 'comic sans ms', sans-serif\">Do\u0142\u0105czam wniosek, kt\u00f3ry nale\u017cy z\u0142o\u017cy\u0107 w sekretariacie w przypadku konieczno\u015bci przygotowania informacji o dziecku:<\/span><\/p>\n<p><span style=\"font-family: 'comic sans ms', sans-serif\">\u00a0wniosek &#8211; <a href=\"https:\/\/przedszkole119.edu.wroclaw.pl\/wp-content\/uploads\/sites\/80\/2024\/09\/wniosek-informacja-o-dziecku-do-PPP.docx\">wniosek-informacja o dziecku do PPP<\/a><\/span><\/p>\n<hr \/>\n<p>&nbsp;<\/p>\n<p><a href=\"https:\/\/przedszkole119.edu.wroclaw.pl\/wp-content\/uploads\/sites\/80\/2024\/08\/Standardy-ochrony-dzieci-i-Polityka-ochrony-dzieci-przed-krzywdzeniem-w-Przedszkolu-nr-119-Zielona-Laka.pdf\"><span style=\"color: #008000\">Standardy ochrony dzieci i Polityka ochrony dzieci przed krzywdzeniem w Przedszkolu nr 119 Zielona \u0141\u0105ka<\/span><\/a><\/p>\n<p><span style=\"color: #ff0000;font-family: 'comic sans ms', sans-serif\"><span style=\"color: #008000\"><a style=\"color: #008000\" href=\"https:\/\/przedszkole119.edu.wroclaw.pl\/wp-content\/uploads\/sites\/80\/2024\/01\/Statut-Przedszkola-nr-119-Zielona-Lakad1bb.pdf\">Statut Przedszkol<\/a><a style=\"color: #008000;text-decoration: underline\" href=\"https:\/\/przedszkole119.edu.wroclaw.pl\/wp-content\/uploads\/sites\/80\/2024\/01\/Statut-Przedszkola-nr-119-Zielona-Lakad1bb.pdf\"><span style=\"color: #008000;text-decoration: underline\">a<\/span> nr 119 uchwalony 06.10.2022 r.<\/a><\/span><\/span><\/p>\n<p><span style=\"text-decoration: underline;color: #008000;font-family: 'comic sans ms', sans-serif\"><a style=\"color: #008000;text-decoration: underline\" href=\"https:\/\/przedszkole119.edu.wroclaw.pl\/wp-content\/uploads\/sites\/80\/2024\/01\/Procedura-Elektronicznej-Rejestracji-Czasu-Pobytu-Dziecka.pdf\">Procedura Elektronicznej Rejestracji Czasu Pobytu Dziecka.pdf (126 KB)<\/a><\/span>[\/vc_column_text][\/vc_column][\/vc_row]<\/p>\n<\/div>","protected":false},"excerpt":{"rendered":"<p>[vc_row][vc_column][vc_column_text css=&#8221;&#8221;]Wa\u017cne druki: upowa\u017cnienia do odbioru dziecka z przedszkola Za\u0142. 9. Karta do odbioru dziecka z przedszkola 7x. Klauzula &#8211; dla os\u00f3b upowa\u017cnionych do odbioru dziecka z przedszkola\u00a0 Szanowni Pa\u0144stwo [&hellip;]<\/p>\n","protected":false},"author":7,"featured_media":0,"parent":0,"menu_order":0,"comment_status":"closed","ping_status":"closed","template":"","meta":{"footnotes":""},"class_list":["post-149","page","type-page","status-publish","hentry","clearfix"],"_links":{"self":[{"href":"https:\/\/przedszkole119.edu.wroclaw.pl\/index.php\/wp-json\/wp\/v2\/pages\/149","targetHints":{"allow":["GET"]}}],"collection":[{"href":"https:\/\/przedszkole119.edu.wroclaw.pl\/index.php\/wp-json\/wp\/v2\/pages"}],"about":[{"href":"https:\/\/przedszkole119.edu.wroclaw.pl\/index.php\/wp-json\/wp\/v2\/types\/page"}],"author":[{"embeddable":true,"href":"https:\/\/przedszkole119.edu.wroclaw.pl\/index.php\/wp-json\/wp\/v2\/users\/7"}],"replies":[{"embeddable":true,"href":"https:\/\/przedszkole119.edu.wroclaw.pl\/index.php\/wp-json\/wp\/v2\/comments?post=149"}],"version-history":[{"count":19,"href":"https:\/\/przedszkole119.edu.wroclaw.pl\/index.php\/wp-json\/wp\/v2\/pages\/149\/revisions"}],"predecessor-version":[{"id":5700,"href":"https:\/\/przedszkole119.edu.wroclaw.pl\/index.php\/wp-json\/wp\/v2\/pages\/149\/revisions\/5700"}],"wp:attachment":[{"href":"https:\/\/przedszkole119.edu.wroclaw.pl\/index.php\/wp-json\/wp\/v2\/media?parent=149"}],"curies":[{"name":"wp","href":"https:\/\/api.w.org\/{rel}","templated":true}]}}