
{"id":11,"date":"2024-01-24T14:24:33","date_gmt":"2024-01-24T13:24:33","guid":{"rendered":"https:\/\/przedszkole119.edu.wroclaw.pl\/?page_id=11"},"modified":"2026-02-26T09:54:31","modified_gmt":"2026-02-26T08:54:31","slug":"kontakt","status":"publish","type":"page","link":"https:\/\/przedszkole119.edu.wroclaw.pl\/index.php\/kontakt\/","title":{"rendered":"Kontakt"},"content":{"rendered":"<div class=\"wpb-content-wrapper\"><p>[vc_row][vc_column][vc_raw_html]JTNDaWZyYW1lJTIwc3JjJTNEJTIyaHR0cHMlM0ElMkYlMkZ3d3cuZ29vZ2xlLmNvbSUyRm1hcHMlMkZlbWJlZCUzRnBiJTNEJTIxMW0xOCUyMTFtMTIlMjExbTMlMjExZDI1MDUuOTgwMTYwOTM2MjEzNSUyMTJkMTcuMDMzNzMzNzc2NzU0MzkyJTIxM2Q1MS4wOTAzNzM2NDEwODI2MSUyMTJtMyUyMTFmMCUyMTJmMCUyMTNmMCUyMTNtMiUyMTFpMTAyNCUyMTJpNzY4JTIxNGYxMy4xJTIxM20zJTIxMW0yJTIxMXMweDQ3MGZjMjY3NjY2YTdlZmYlMjUzQTB4ZmYzYjAwMTEyNjkxNDA2OSUyMTJzUHJ6ZWRzemtvbGUlMjUyMG5yJTI1MjAxMTklMjUyMFppZWxvbmElMjUyMCUyNUM1JTI1ODElMjVDNCUyNTg1a2ElMjE1ZTAlMjEzbTIlMjExc3BsJTIxMnNwbCUyMTR2MTcwNjEwMzcwNzI2MyUyMTVtMiUyMTFzcGwlMjEyc3BsJTIyJTIwd2lkdGglM0QlMjIxMDAlMjUlMjIlMjBoZWlnaHQlM0QlMjIyNTAlMjIlMjBzdHlsZSUzRCUyMmJvcmRlciUzQTAlM0IlMjIlMjBhbGxvd2Z1bGxzY3JlZW4lM0QlMjIlMjIlMjBsb2FkaW5nJTNEJTIybGF6eSUyMiUyMHJlZmVycmVycG9saWN5JTNEJTIybm8tcmVmZXJyZXItd2hlbi1kb3duZ3JhZGUlMjIlM0UlM0MlMkZpZnJhbWUlM0U=[\/vc_raw_html][\/vc_column][\/vc_row][vc_row][vc_column width=&#8221;1\/2&#8243;][vc_empty_space height=&#8221;180px&#8221;][\/vc_column][vc_column width=&#8221;1\/2&#8243;][vc_column_text]<\/p>\n<h1 style=\"text-align: center\"><span style=\"font-size: 42pt\">Przedszkole nr 119<\/span><span style=\"font-size: 42pt;color: #3176af\"><br \/>\n<\/span><\/h1>\n<p>[\/vc_column_text][vc_separator color=&#8221;custom&#8221; border_width=&#8221;4&#8243; el_width=&#8221;70&#8243; css=&#8221;.vc_custom_1706102160339{margin-top: -30px !important;}&#8221; accent_color=&#8221;#5c7d26&#8243;][vc_cta h2=&#8221;Adres&#8221; add_icon=&#8221;left&#8221; i_icon_fontawesome=&#8221;fas fa-home&#8221; i_color=&#8221;custom&#8221; i_size=&#8221;sm&#8221; i_custom_color=&#8221;#597925&#8243;]ul. \u0141\u00f3dzka 23<br \/>\n50-521 Wroc\u0142aw[\/vc_cta][vc_cta h2=&#8221;Kontakt&#8221; add_icon=&#8221;left&#8221; i_icon_fontawesome=&#8221;fas fa-phone-alt&#8221; i_color=&#8221;custom&#8221; i_size=&#8221;sm&#8221; css=&#8221;&#8221; i_custom_color=&#8221;#597925&#8243;]tel.: 71 798 67 58<\/p>\n<p>wew. 100 \u2013 Sekretariat<br \/>\nwew. 101 \u2013 Dyrektor<br \/>\nwew. 102 \u2013 Terapeuci<br \/>\nwew. 201 \u2013 Grupa Myszki<br \/>\nwew. 202 \u2013 Grupa S\u0142oneczka<br \/>\nwew. 203 \u2013 Grupa Stokrotki<br \/>\nwew. 204 \u2013 Grupa Tulipanki<br \/>\nwew. 205 \u2013 Grupa Biedronki<\/p>\n<p>e-mail: sekretariat.p119@wroclawskaedukacja.pl<\/p>\n<p><img loading=\"lazy\" decoding=\"async\" src=\"https:\/\/przedszkole119.edu.wroclaw.pl\/wp-content\/uploads\/sites\/80\/2025\/05\/edoreczenia-logo.png\" alt=\"Logo e-dor\u0119czenia\" width=\"119\" height=\"322\" \/>\u00a0 AE:PL-86303-99778-FEGHD-25<\/p>\n<p data-wp-editing=\"1\"><img loading=\"lazy\" decoding=\"async\" src=\"https:\/\/przedszkole119.edu.wroclaw.pl\/wp-content\/uploads\/sites\/80\/2025\/05\/epuap2_logo.png\" alt=\"Logo ePuap\" width=\"120\" height=\"19\" \/>\u00a0 <a href=\"https:\/\/epuap.gov.pl\/wps\/portal\/strefa-klienta\/katalog-spraw\/opis-uslugi\/pismo-ogolne-do-urzedu\/2178333\" target=\"_blank\" rel=\"noopener\">Elektroniczna Skrzynka Podawcza<\/a><\/p>\n<p>[\/vc_cta][vc_cta h2=&#8221;Inspektor ochrony danych&#8221; h4=&#8221;Tomasz Grzybowski&#8221; add_icon=&#8221;left&#8221; i_icon_fontawesome=&#8221;fas fa-user-secret&#8221; i_color=&#8221;custom&#8221; i_size=&#8221;sm&#8221; css=&#8221;&#8221; i_custom_color=&#8221;#597925&#8243;]ul. Stary Rynek 80\/82<br \/>\n61-772 Pozna\u0144<br \/>\ntel. 501 083 482<br \/>\nE-mail: inspektor@coreconsulting.pl[\/vc_cta][\/vc_column][\/vc_row]<\/p>\n<\/div>","protected":false},"excerpt":{"rendered":"<p>[vc_row][vc_column][vc_raw_html]JTNDaWZyYW1lJTIwc3JjJTNEJTIyaHR0cHMlM0ElMkYlMkZ3d3cuZ29vZ2xlLmNvbSUyRm1hcHMlMkZlbWJlZCUzRnBiJTNEJTIxMW0xOCUyMTFtMTIlMjExbTMlMjExZDI1MDUuOTgwMTYwOTM2MjEzNSUyMTJkMTcuMDMzNzMzNzc2NzU0MzkyJTIxM2Q1MS4wOTAzNzM2NDEwODI2MSUyMTJtMyUyMTFmMCUyMTJmMCUyMTNmMCUyMTNtMiUyMTFpMTAyNCUyMTJpNzY4JTIxNGYxMy4xJTIxM20zJTIxMW0yJTIxMXMweDQ3MGZjMjY3NjY2YTdlZmYlMjUzQTB4ZmYzYjAwMTEyNjkxNDA2OSUyMTJzUHJ6ZWRzemtvbGUlMjUyMG5yJTI1MjAxMTklMjUyMFppZWxvbmElMjUyMCUyNUM1JTI1ODElMjVDNCUyNTg1a2ElMjE1ZTAlMjEzbTIlMjExc3BsJTIxMnNwbCUyMTR2MTcwNjEwMzcwNzI2MyUyMTVtMiUyMTFzcGwlMjEyc3BsJTIyJTIwd2lkdGglM0QlMjIxMDAlMjUlMjIlMjBoZWlnaHQlM0QlMjIyNTAlMjIlMjBzdHlsZSUzRCUyMmJvcmRlciUzQTAlM0IlMjIlMjBhbGxvd2Z1bGxzY3JlZW4lM0QlMjIlMjIlMjBsb2FkaW5nJTNEJTIybGF6eSUyMiUyMHJlZmVycmVycG9saWN5JTNEJTIybm8tcmVmZXJyZXItd2hlbi1kb3duZ3JhZGUlMjIlM0UlM0MlMkZpZnJhbWUlM0U=[\/vc_raw_html][\/vc_column][\/vc_row][vc_row][vc_column width=&#8221;1\/2&#8243;][vc_empty_space height=&#8221;180px&#8221;][\/vc_column][vc_column width=&#8221;1\/2&#8243;][vc_column_text] Przedszkole nr 119 [\/vc_column_text][vc_separator color=&#8221;custom&#8221; border_width=&#8221;4&#8243; el_width=&#8221;70&#8243; css=&#8221;.vc_custom_1706102160339{margin-top: -30px !important;}&#8221; accent_color=&#8221;#5c7d26&#8243;][vc_cta h2=&#8221;Adres&#8221; add_icon=&#8221;left&#8221; i_icon_fontawesome=&#8221;fas fa-home&#8221; i_color=&#8221;custom&#8221; i_size=&#8221;sm&#8221; i_custom_color=&#8221;#597925&#8243;]ul. \u0141\u00f3dzka 23 50-521 Wroc\u0142aw[\/vc_cta][vc_cta h2=&#8221;Kontakt&#8221; add_icon=&#8221;left&#8221; i_icon_fontawesome=&#8221;fas fa-phone-alt&#8221; [&hellip;]<\/p>\n","protected":false},"author":7,"featured_media":0,"parent":0,"menu_order":0,"comment_status":"closed","ping_status":"closed","template":"","meta":{"footnotes":""},"class_list":["post-11","page","type-page","status-publish","hentry","clearfix"],"_links":{"self":[{"href":"https:\/\/przedszkole119.edu.wroclaw.pl\/index.php\/wp-json\/wp\/v2\/pages\/11","targetHints":{"allow":["GET"]}}],"collection":[{"href":"https:\/\/przedszkole119.edu.wroclaw.pl\/index.php\/wp-json\/wp\/v2\/pages"}],"about":[{"href":"https:\/\/przedszkole119.edu.wroclaw.pl\/index.php\/wp-json\/wp\/v2\/types\/page"}],"author":[{"embeddable":true,"href":"https:\/\/przedszkole119.edu.wroclaw.pl\/index.php\/wp-json\/wp\/v2\/users\/7"}],"replies":[{"embeddable":true,"href":"https:\/\/przedszkole119.edu.wroclaw.pl\/index.php\/wp-json\/wp\/v2\/comments?post=11"}],"version-history":[{"count":18,"href":"https:\/\/przedszkole119.edu.wroclaw.pl\/index.php\/wp-json\/wp\/v2\/pages\/11\/revisions"}],"predecessor-version":[{"id":5752,"href":"https:\/\/przedszkole119.edu.wroclaw.pl\/index.php\/wp-json\/wp\/v2\/pages\/11\/revisions\/5752"}],"wp:attachment":[{"href":"https:\/\/przedszkole119.edu.wroclaw.pl\/index.php\/wp-json\/wp\/v2\/media?parent=11"}],"curies":[{"name":"wp","href":"https:\/\/api.w.org\/{rel}","templated":true}]}}